{"id":1723,"date":"2020-12-14T11:31:09","date_gmt":"2020-12-14T10:31:09","guid":{"rendered":"http:\/\/www.microgels.rwth-aachen.de\/?page_id=1723"},"modified":"2021-03-12T14:10:37","modified_gmt":"2021-03-12T13:10:37","slug":"2021-virtual-symposium-on-microgels","status":"publish","type":"page","link":"https:\/\/www.microgels.rwth-aachen.de\/?page_id=1723","title":{"rendered":"2021 Virtual Symposium on Microgels"},"content":{"rendered":"\n<figure class=\"wp-block-image alignwide size-large\"><img loading=\"lazy\" decoding=\"async\" width=\"1024\" height=\"245\" src=\"http:\/\/www.microgels.rwth-aachen.de\/wp-content\/uploads\/2020\/12\/Logo_2021_virt_Symp-1024x245.png\" alt=\"\" class=\"wp-image-1783\" srcset=\"https:\/\/www.microgels.rwth-aachen.de\/wp-content\/uploads\/2020\/12\/Logo_2021_virt_Symp-1024x245.png 1024w, https:\/\/www.microgels.rwth-aachen.de\/wp-content\/uploads\/2020\/12\/Logo_2021_virt_Symp-300x72.png 300w, https:\/\/www.microgels.rwth-aachen.de\/wp-content\/uploads\/2020\/12\/Logo_2021_virt_Symp-768x183.png 768w, https:\/\/www.microgels.rwth-aachen.de\/wp-content\/uploads\/2020\/12\/Logo_2021_virt_Symp-1536x367.png 1536w, https:\/\/www.microgels.rwth-aachen.de\/wp-content\/uploads\/2020\/12\/Logo_2021_virt_Symp.png 1825w\" sizes=\"auto, (max-width: 1024px) 100vw, 1024px\" \/><\/figure>\n\n\n\n<p class=\"has-normal-font-size\">The success of the <a href=\"http:\/\/www.microgels.rwth-aachen.de\/?page_id=1561\">2020 Virtual Symposium on Microgels<\/a> motivated us to organize a continuation for the microgel community in 2021. The SFB 985 invites you to participate in the<\/p>\n\n\n\n<p class=\"has-text-align-center has-black-color has-text-color has-medium-font-size\"><strong>2021 Virtual Symposium on Microgels<\/strong><\/p>\n\n\n\n<p>and to communicate with your colleagues around the world!<\/p>\n\n\n\n<hr class=\"wp-block-separator\"\/>\n\n\n\n<h4 class=\"wp-block-heading\">Participation<\/h4>\n\n\n\n<p>This symposium is again aimed to address young scientists and give them the opportunity to present their latest research results to a broad audience. Doctoral students and postdocs working on microgel related topics are invited to apply as speakers. Experienced scientists and experts in this field are also very welcome to attend the talks.<\/p>\n\n\n\n<p>Delighted about the outstanding performance of the young researchers during the 2020 Virtual Symposium, we will keep the concept of session chairing by PhD students.<\/p>\n\n\n\n<p>The sessions will take place online on Zoom.<\/p>\n\n\n\n<hr class=\"wp-block-separator\"\/>\n\n\n\n<h4 class=\"wp-block-heading\">Date &amp; Time<\/h4>\n\n\n\n<p>The symposium will take place weekly on six dates with one session per date. It will start in the middle of March. To enable the participation of guests from different time zones, the starting times will vary.<\/p>\n\n\n\n<p>Each session will run for one hour and will contain four talks.<\/p>\n\n\n\n<p>Each talk is 10 minutes long followed by 5 minutes discussion.<\/p>\n\n\n\n<figure class=\"wp-block-table is-style-regular\"><table class=\"has-subtle-light-gray-background-color has-background\"><thead><tr><th class=\"has-text-align-center\" data-align=\"center\"><strong>Session<\/strong><\/th><th class=\"has-text-align-center\" data-align=\"center\"><strong>UTC<\/strong><\/th><th class=\"has-text-align-center\" data-align=\"center\"><strong>Germany<\/strong><\/th><\/tr><\/thead><tbody><tr><td class=\"has-text-align-center\" data-align=\"center\">Session 1<\/td><td class=\"has-text-align-center\" data-align=\"center\">March 17, 14:00<\/td><td class=\"has-text-align-center\" data-align=\"center\">March 17, 15:00<\/td><\/tr><tr><td class=\"has-text-align-center\" data-align=\"center\">Session 2<\/td><td class=\"has-text-align-center\" data-align=\"center\">March 24, 22:00<\/td><td class=\"has-text-align-center\" data-align=\"center\">March 24, 23:00<\/td><\/tr><tr><td class=\"has-text-align-center\" data-align=\"center\">Session 3<\/td><td class=\"has-text-align-center\" data-align=\"center\">March 31, 04:00<\/td><td class=\"has-text-align-center\" data-align=\"center\">March 31, 06:00<\/td><\/tr><tr><td class=\"has-text-align-center\" data-align=\"center\">Session 4<\/td><td class=\"has-text-align-center\" data-align=\"center\">April 7, 14:00<\/td><td class=\"has-text-align-center\" data-align=\"center\">April 7, 16:00<\/td><\/tr><tr><td class=\"has-text-align-center\" data-align=\"center\">Session 5<\/td><td class=\"has-text-align-center\" data-align=\"center\">April 14, 21:00<\/td><td class=\"has-text-align-center\" data-align=\"center\">April 14, 23:00<\/td><\/tr><tr><td class=\"has-text-align-center\" data-align=\"center\">Session 6<\/td><td class=\"has-text-align-center\" data-align=\"center\">April 21, 04:00<\/td><td class=\"has-text-align-center\" data-align=\"center\">April 21, 06:00<\/td><\/tr><\/tbody><\/table><\/figure>\n\n\n\n<p>Please convert the times to your time zone using an online converter and consider the summer time\/daylight saving time.<\/p>\n\n\n\n<hr class=\"wp-block-separator\"\/>\n\n\n\n<h4 class=\"wp-block-heading\">Abstract Submission &amp; Registration<\/h4>\n\n\n\n<p>The participation is free of charge.<\/p>\n\n\n\n<p class=\"has-medium-font-size\">Presenting scientists:<\/p>\n\n\n\n<p>PhD students and Postdocs can apply for a talk by sending an abstract to <a href=\"mailto:symposium2021@microgels.de\">symposium2021@microgels.de<\/a> until <strong>January 31, 2021<\/strong>.<\/p>\n\n\n\n<p>Please use the abstract template:<\/p>\n\n\n\n<div class=\"wp-block-file\"><a href=\"http:\/\/www.microgels.rwth-aachen.de\/wp-content\/uploads\/2020\/12\/2021-Virtual-Symposium-on-Microgels_Abstract-template.docx\" class=\"wp-block-file__button\" download>Abstract Template 2021<\/a><\/div>\n\n\n\n<p>If you can think of chairing one of the sessions, please indicate that in your email.<\/p>\n\n\n\n<p class=\"has-medium-font-size\">Non-presenting scientists:<\/p>\n\n\n\n<p>Non-presenting scientists can register for the symposium by emailing us at <a href=\"mailto:symposium2021@microgels.de\">symposium2021@microgels.de<\/a> until <strong>March 3, 2021<\/strong>. Please include your name and affiliation in the email.<\/p>\n\n\n\n<hr class=\"wp-block-separator\"\/>\n\n\n\n<h4 class=\"wp-block-heading\">Session Schedule<\/h4>\n\n\n\n<h6 class=\"has-black-color has-pale-cyan-blue-background-color has-text-color has-background wp-block-heading\"><strong>Session 1: <\/strong>March 17th, 2021, 15:00 CET (14:00 UTC)<\/h6>\n\n\n\n<figure class=\"wp-block-table is-style-stripes\"><table><thead><tr><th class=\"has-text-align-left\" data-align=\"left\"><span class=\"has-inline-color has-vivid-cyan-blue-color\">UTC<\/span><\/th><th class=\"has-text-align-left\" data-align=\"left\"><span class=\"has-inline-color has-vivid-cyan-blue-color\">CET<\/span><\/th><th class=\"has-text-align-left\" data-align=\"left\"><span class=\"has-inline-color has-vivid-cyan-blue-color\">Speaker &amp; Topic<\/span><\/th><\/tr><\/thead><tbody><tr><td class=\"has-text-align-left\" data-align=\"left\">14:00<\/td><td class=\"has-text-align-left\" data-align=\"left\">15:00<\/td><td class=\"has-text-align-left\" data-align=\"left\"><strong>Marco Annegarn<\/strong>, <em>Bielefeld University, Bielefeld, Germany<\/em><br>Importance of pH in Synthesis of pH-responsive Cationic Nano- and Microgels<\/td><\/tr><tr><td class=\"has-text-align-left\" data-align=\"left\">14:15<\/td><td class=\"has-text-align-left\" data-align=\"left\">15:15<\/td><td class=\"has-text-align-left\" data-align=\"left\"><strong>Takumi Watanabe<\/strong>, <em>Shinshu University, Nagano, Japan<\/em><br>Synthesis and Structural Control of Multi-Layered Nanocomposite Microgels<\/td><\/tr><tr><td class=\"has-text-align-left\" data-align=\"left\">14:30<\/td><td class=\"has-text-align-left\" data-align=\"left\">15:30<\/td><td class=\"has-text-align-left\" data-align=\"left\"><strong>Se-Hyeong Jung<\/strong>, <em>DWI and RWTH Aachen University, Aachen, Germany (SFB 985)<\/em><br>Biobased pH-responsive Supramacromolecular Microgels via Microfluidics<\/td><\/tr><tr><td class=\"has-text-align-left\" data-align=\"left\">14:45<\/td><td class=\"has-text-align-left\" data-align=\"left\">15:45<\/td><td class=\"has-text-align-left\" data-align=\"left\"><strong>Minjun Chen<\/strong>, <em>Loughborough University, Loughborough, UK<\/em><br>Fabrication and Optimisation of Polyethylene Glycol Diacrylate Microparticles using Lego\u00ae Inspired Microfluidic device<\/td><\/tr><\/tbody><\/table><\/figure>\n\n\n\n<p><span class=\"has-inline-color has-vivid-cyan-blue-color\">Session 1 Chair:<\/span> <strong>Joanna Michalska<\/strong>, <em>Forschungszentrum J\u00fclich, J\u00fclich, Germany (SFB 985)<\/em><\/p>\n\n\n\n<hr class=\"wp-block-separator is-style-dots\"\/>\n\n\n\n<h6 class=\"has-black-color has-light-green-cyan-background-color has-text-color has-background wp-block-heading\"><strong>Session 2: <\/strong>March 24th, 2021, 23:00 CET (22:00 UTC)<\/h6>\n\n\n\n<figure class=\"wp-block-table is-style-stripes\"><table><thead><tr><th class=\"has-text-align-left\" data-align=\"left\"><span class=\"has-inline-color has-vivid-green-cyan-color\">UTC<\/span><\/th><th class=\"has-text-align-left\" data-align=\"left\"><span class=\"has-inline-color has-vivid-green-cyan-color\">CET<\/span><\/th><th class=\"has-text-align-left\" data-align=\"left\"><span class=\"has-inline-color has-vivid-green-cyan-color\">Speaker &amp; Topic<\/span><\/th><\/tr><\/thead><tbody><tr><td class=\"has-text-align-left\" data-align=\"left\">22:00<\/td><td class=\"has-text-align-left\" data-align=\"left\">23:00<\/td><td class=\"has-text-align-left\" data-align=\"left\"><strong>Giovanni Del Monte<\/strong>, <em>Sapienza University of Rome, Rome, Italy<\/em><br>Multi-step volume phase transition in PNIPAM microgels: simulations and experiments<\/td><\/tr><tr><td class=\"has-text-align-left\" data-align=\"left\">22:15<\/td><td class=\"has-text-align-left\" data-align=\"left\">23:15<\/td><td class=\"has-text-align-left\" data-align=\"left\"><strong>Joanna Michalska<\/strong>, <em>Forschungszentrum J\u00fclich, J\u00fclich, Germany (SFB 985)<\/em><br>Swelling and association kinetics of polymers at the LCST phase transition<\/td><\/tr><tr><td class=\"has-text-align-left\" data-align=\"left\">22:30<\/td><td class=\"has-text-align-left\" data-align=\"left\">23:30<\/td><td class=\"has-text-align-left\" data-align=\"left\"><strong>Seina Hiroshige<\/strong>, <em><em>Shinshu University, Nagano, Japan<\/em><\/em><br>Formation of volatile organic compound-free tough latex films<\/td><\/tr><tr><td class=\"has-text-align-left\" data-align=\"left\">22:45<\/td><td class=\"has-text-align-left\" data-align=\"left\">23:45<\/td><td class=\"has-text-align-left\" data-align=\"left\"><strong>Maxim Dirksen<\/strong>, <em><em>Bielefeld University, Bielefeld, Germany<\/em><\/em><br>UV cross-linked smart microgel membranes a s free-standing diffusion barriers and nanoparticle bearing catalytic films<\/td><\/tr><\/tbody><\/table><\/figure>\n\n\n\n<p><span class=\"has-inline-color has-vivid-green-cyan-color\">Session 2 Chair: <\/span><strong>Dimitri Wilms<\/strong>, <em>Heinrich-Heine-Universit\u00e4t D\u00fcsseldorf, D\u00fcsseldorf, Germany<\/em><\/p>\n\n\n\n<hr class=\"wp-block-separator is-style-dots\"\/>\n\n\n\n<h6 class=\"has-black-color has-pale-pink-background-color has-text-color has-background wp-block-heading\"><strong>Session 3: <\/strong>March 31st, 2021, 06:00 CEST (04:00 UTC)<\/h6>\n\n\n\n<figure class=\"wp-block-table is-style-stripes\"><table><thead><tr><th class=\"has-text-align-left\" data-align=\"left\"><span style=\"color:#ec134d\" class=\"has-inline-color\">UTC<\/span><\/th><th class=\"has-text-align-left\" data-align=\"left\"><span style=\"color:#ec134d\" class=\"has-inline-color\">CEST<\/span><\/th><th class=\"has-text-align-left\" data-align=\"left\"><span style=\"color:#ec134d\" class=\"has-inline-color\">Speaker &amp; Topic<\/span><\/th><\/tr><\/thead><tbody><tr><td class=\"has-text-align-left\" data-align=\"left\">04:00<\/td><td class=\"has-text-align-left\" data-align=\"left\">06:00<\/td><td class=\"has-text-align-left\" data-align=\"left\"><strong>Fr\u00e9d\u00e9ric Grabowski<\/strong>, <em><em>DWI and RWTH Aachen University, Aachen, Germany (SFB 985)<\/em><\/em><br>Catalytically Active Microgels Modified by Bis(pyrazolyl)-Copper Complexes<\/td><\/tr><tr><td class=\"has-text-align-left\" data-align=\"left\">04:15<\/td><td class=\"has-text-align-left\" data-align=\"left\">06:15<\/td><td class=\"has-text-align-left\" data-align=\"left\"><strong>Yvonne Hannappel<\/strong>, <em><em><em>Bielefeld University, Bielefeld, Germany<\/em><\/em><\/em><br>Alternative acrylamides for smart microgels<\/td><\/tr><tr><td class=\"has-text-align-left\" data-align=\"left\">04:30<\/td><td class=\"has-text-align-left\" data-align=\"left\">06:30<\/td><td class=\"has-text-align-left\" data-align=\"left\"><strong>Marco Hildebrandt<\/strong>, <em>Heinrich-Heine-Universit\u00e4t D\u00fcsseldorf, D\u00fcsseldorf, Germany<\/em><br>Role of Annealing for Soft-Colloidal Crystals<\/td><\/tr><tr><td class=\"has-text-align-left\" data-align=\"left\">04:45<\/td><td class=\"has-text-align-left\" data-align=\"left\">06:45<\/td><td class=\"has-text-align-left\" data-align=\"left\"><strong>Maxime Bergman<\/strong>, <em><em>University of Fribourg, Fribourg, Switzerland<\/em><\/em><br>Visco-elasticity of soft, thermoresponsive colloids around the liquid-to-solid transition<\/td><\/tr><\/tbody><\/table><\/figure>\n\n\n\n<p><span style=\"color:#ec134d\" class=\"has-inline-color\">Session 3 Chair:<\/span><span class=\"has-inline-color has-vivid-green-cyan-color\"> <\/span><strong>Yichu Zhou<\/strong>, <em>Heinrich-Heine-Universit\u00e4t D\u00fcsseldorf, D\u00fcsseldorf, Germany<\/em><\/p>\n\n\n\n<hr class=\"wp-block-separator is-style-dots\"\/>\n\n\n\n<h6 class=\"has-black-color has-luminous-vivid-amber-background-color has-text-color has-background wp-block-heading\"><strong>Session 4: <\/strong>April 07th, 2021, 16:00 CEST (14:00 UTC)<\/h6>\n\n\n\n<figure class=\"wp-block-table is-style-stripes\"><table><thead><tr><th class=\"has-text-align-left\" data-align=\"left\"><span class=\"has-inline-color has-luminous-vivid-orange-color\">UTC<\/span><\/th><th class=\"has-text-align-left\" data-align=\"left\"><span class=\"has-inline-color has-luminous-vivid-orange-color\">CEST<\/span><\/th><th class=\"has-text-align-left\" data-align=\"left\"><span class=\"has-inline-color has-luminous-vivid-orange-color\">Speaker &amp; Topic<\/span><\/th><\/tr><\/thead><tbody><tr><td class=\"has-text-align-left\" data-align=\"left\">14:00<\/td><td class=\"has-text-align-left\" data-align=\"left\">16:00<\/td><td class=\"has-text-align-left\" data-align=\"left\"><strong>Yichu Zhou<\/strong>, <em>Heinrich-Heine-Universit\u00e4t D\u00fcsseldorf, D\u00fcsseldorf, Germany<\/em><br>Hard-core-\/soft-shell colloids at air\/water interfaces: Role of cross-linking density and interfacial tension<\/td><\/tr><tr><td class=\"has-text-align-left\" data-align=\"left\">14:15<\/td><td class=\"has-text-align-left\" data-align=\"left\">16:15<\/td><td class=\"has-text-align-left\" data-align=\"left\"><strong>Fabio Grillo<\/strong>, <em><em><em>ETH Zurich, Zurich, Switzerland<\/em><\/em><\/em><br>Complex tessellations by sequential assembly of microgels<\/td><\/tr><tr><td class=\"has-text-align-left\" data-align=\"left\">14:30<\/td><td class=\"has-text-align-left\" data-align=\"left\">16:30<\/td><td class=\"has-text-align-left\" data-align=\"left\"><strong>Lars Wiehemeier<\/strong>, <em><em><em>Bielefeld University, Bielefeld, Germany<\/em><\/em><\/em><br>Insights on the particle morphology of microgel suspensions from FTIR spectroscopy<\/td><\/tr><tr><td class=\"has-text-align-left\" data-align=\"left\">14:45<\/td><td class=\"has-text-align-left\" data-align=\"left\">16:45<\/td><td class=\"has-text-align-left\" data-align=\"left\"><strong>Dominik Braunmiller<\/strong>, <em><em><em>RWTH Aachen University, Aachen, Germany (SFB 985)<\/em><\/em><\/em><br>Pre-programming the orientation to field of anisotropic magnetic microgels<\/td><\/tr><\/tbody><\/table><\/figure>\n\n\n\n<p><span class=\"has-inline-color has-luminous-vivid-orange-color\">Session 4 Chair:<\/span><span class=\"has-inline-color has-vivid-green-cyan-color\"> <\/span><strong>Yvonne Hannappel<\/strong>, <em><em>Bielefeld University, Bielefeld, Germany<\/em><\/em><\/p>\n\n\n\n<hr class=\"wp-block-separator is-style-dots\"\/>\n\n\n\n<h6 class=\"has-background wp-block-heading\" style=\"background-color:#bdf981\"><strong>Session 5: <\/strong>April 14th, 2021, 23:00 CEST (21:00 UTC)<\/h6>\n\n\n\n<figure class=\"wp-block-table is-style-stripes\"><table><thead><tr><th class=\"has-text-align-left\" data-align=\"left\"><span style=\"color:#54b605\" class=\"has-inline-color\">UTC<\/span><\/th><th class=\"has-text-align-left\" data-align=\"left\"><span style=\"color:#54b605\" class=\"has-inline-color\">CEST<\/span><\/th><th class=\"has-text-align-left\" data-align=\"left\"><span style=\"color:#54b605\" class=\"has-inline-color\">Speaker &amp; Topic<\/span><\/th><\/tr><\/thead><tbody><tr><td class=\"has-text-align-left\" data-align=\"left\">21:00<\/td><td class=\"has-text-align-left\" data-align=\"left\">23:00<\/td><td class=\"has-text-align-left\" data-align=\"left\"><strong>Dimitri Wilms<\/strong>, <em>Heinrich-Heine-Universit\u00e4t D\u00fcsseldorf, D\u00fcsseldorf, Germany<\/em><br>Temperature Switchable Adhesion of <em>E.coli<\/em> to Mannose Functionalized Microgel Layers<\/td><\/tr><tr><td class=\"has-text-align-left\" data-align=\"left\">21:15<\/td><td class=\"has-text-align-left\" data-align=\"left\">23:15<\/td><td class=\"has-text-align-left\" data-align=\"left\"><strong>Simon Friesen<\/strong>, <em><em><em><em><em>Bielefeld University, Bielefeld, Germany<\/em><\/em><\/em><\/em><\/em><br>Flory-Rehner theory for the description of the thermotropic volume phase transition of smart microgels<\/td><\/tr><tr><td class=\"has-text-align-left\" data-align=\"left\">21:30<\/td><td class=\"has-text-align-left\" data-align=\"left\">23:30<\/td><td class=\"has-text-align-left\" data-align=\"left\"><strong>Andrej Rudov<\/strong>, <em>Lomonosov Moscow State University, Moscow, Russia &amp; DWI, Aachen, Germany (SFB 985) <\/em><br>Simulations of Hollow Polyelectrolyte Microgels of Tunable Flexibility: Effect of pH, salt concentration and crosslinker gradient<\/td><\/tr><tr><td class=\"has-text-align-left\" data-align=\"left\">21:45<\/td><td class=\"has-text-align-left\" data-align=\"left\">23:45<\/td><td class=\"has-text-align-left\" data-align=\"left\"><strong>Andrea Ninarello<\/strong>, <em><em><em><em>Sapienza University of Rome, Rome, Italy<\/em><\/em><\/em><\/em><br>In silico ultra-low-crosslinked microgels<\/td><\/tr><\/tbody><\/table><\/figure>\n\n\n\n<p><span style=\"color:#54b605\" class=\"has-inline-color\">Session 5 Chair: <\/span><strong>Giovanni Del Monte<\/strong>, <em>Sapienza University of Rome, Rome, Italy<\/em><\/p>\n\n\n\n<hr class=\"wp-block-separator is-style-dots\"\/>\n\n\n\n<h6 class=\"has-background wp-block-heading\" style=\"background-color:#cca2f5\"><strong>Session 6: <\/strong>April 21st, 2021, 06:00 CEST (04:00 UTC)<\/h6>\n\n\n\n<figure class=\"wp-block-table is-style-stripes\"><table><thead><tr><th class=\"has-text-align-left\" data-align=\"left\"><span class=\"has-inline-color has-vivid-purple-color\">UTC<\/span><\/th><th class=\"has-text-align-left\" data-align=\"left\"><span class=\"has-inline-color has-vivid-purple-color\">CEST<\/span><\/th><th class=\"has-text-align-left\" data-align=\"left\"><span class=\"has-inline-color has-vivid-purple-color\">Speaker &amp; Topic<\/span><\/th><\/tr><\/thead><tbody><tr><td class=\"has-text-align-left\" data-align=\"left\">04:00<\/td><td class=\"has-text-align-left\" data-align=\"left\">06:00<\/td><td class=\"has-text-align-left\" data-align=\"left\"><strong>Miguel Angel Fernandez-Rodriguez<\/strong>, <em>University of Granada, Granada, Spain<\/em><br>Near-zero surface pressure assembly of rectangular lattices of microgels at fluid interfaces for colloidal lithography<\/td><\/tr><tr><td class=\"has-text-align-left\" data-align=\"left\">04:15<\/td><td class=\"has-text-align-left\" data-align=\"left\">06:15<\/td><td class=\"has-text-align-left\" data-align=\"left\"><strong>Fabrizio Camerin<\/strong>, <em><em><em><em><em><em><em>Sapienza University of Rome, Rome, Italy<\/em><\/em><\/em><\/em><\/em><\/em><\/em><br>Microgels at liquid-liquid interfaces behave as 2D elastic particles featuring reentrant melting<\/td><\/tr><tr><td class=\"has-text-align-left\" data-align=\"left\">04:30<\/td><td class=\"has-text-align-left\" data-align=\"left\">06:30<\/td><td class=\"has-text-align-left\" data-align=\"left\"><strong>Melanie Schmidt<\/strong>, <em><em>Heinrich-Heine-Universit\u00e4t D\u00fcsseldorf, D\u00fcsseldorf, Germany<\/em><\/em><br>Synthesis of thermoresponsive hyaluronic acid functionalized microgels for the control of cell adhesion<\/td><\/tr><tr><td class=\"has-text-align-left\" data-align=\"left\">04:45<\/td><td class=\"has-text-align-left\" data-align=\"left\">06:45<\/td><td class=\"has-text-align-left\" data-align=\"left\"><strong>Dirk Rommel<\/strong>, <em><em><em><em><em><em>DWI and RWTH Aachen University, Aachen, Germany (SFB 985)<\/em><\/em><\/em><\/em><\/em><\/em><br>Crosslinked microgel rods provide macroporous scaffolds for cell culture in 3D<\/td><\/tr><\/tbody><\/table><\/figure>\n\n\n\n<p><span class=\"has-inline-color has-vivid-purple-color\">Session 6 Chair: <\/span><strong>Fabio Grillo<\/strong>, <em><em>ETH Zurich, Zurich, Switzerland<\/em><\/em><\/p>\n\n\n\n<p><a href=\"http:\/\/www.microgels.rwth-aachen.de\/?page_id=1876\">Abstract Booklet 2021<\/a><\/p>\n","protected":false},"excerpt":{"rendered":"<p>The success of the 2020 Virtual Symposium on Microgels motivated us to organize a continuation for the microgel community in<\/p>\n","protected":false},"author":3,"featured_media":0,"parent":0,"menu_order":0,"comment_status":"closed","ping_status":"closed","template":"","meta":{"advgb_blocks_editor_width":"","advgb_blocks_columns_visual_guide":"","footnotes":""},"class_list":["post-1723","page","type-page","status-publish","hentry"],"coauthors":[],"author_meta":{"author_link":"https:\/\/www.microgels.rwth-aachen.de\/?author=3","display_name":"Anna Eisele"},"relative_dates":{"created":"Posted 5 years ago","modified":"Updated 5 years ago"},"absolute_dates":{"created":"Posted on December 14, 2020","modified":"Updated on March 12, 2021"},"absolute_dates_time":{"created":"Posted on December 14, 2020 11:31","modified":"Updated on March 12, 2021 14:10"},"featured_img_caption":"","featured_img":false,"series_order":"","_links":{"self":[{"href":"https:\/\/www.microgels.rwth-aachen.de\/index.php?rest_route=\/wp\/v2\/pages\/1723","targetHints":{"allow":["GET"]}}],"collection":[{"href":"https:\/\/www.microgels.rwth-aachen.de\/index.php?rest_route=\/wp\/v2\/pages"}],"about":[{"href":"https:\/\/www.microgels.rwth-aachen.de\/index.php?rest_route=\/wp\/v2\/types\/page"}],"author":[{"embeddable":true,"href":"https:\/\/www.microgels.rwth-aachen.de\/index.php?rest_route=\/wp\/v2\/users\/3"}],"replies":[{"embeddable":true,"href":"https:\/\/www.microgels.rwth-aachen.de\/index.php?rest_route=%2Fwp%2Fv2%2Fcomments&post=1723"}],"version-history":[{"count":53,"href":"https:\/\/www.microgels.rwth-aachen.de\/index.php?rest_route=\/wp\/v2\/pages\/1723\/revisions"}],"predecessor-version":[{"id":1880,"href":"https:\/\/www.microgels.rwth-aachen.de\/index.php?rest_route=\/wp\/v2\/pages\/1723\/revisions\/1880"}],"wp:attachment":[{"href":"https:\/\/www.microgels.rwth-aachen.de\/index.php?rest_route=%2Fwp%2Fv2%2Fmedia&parent=1723"}],"curies":[{"name":"wp","href":"https:\/\/api.w.org\/{rel}","templated":true}]}}